{"id":1345,"date":"2018-09-19T12:33:32","date_gmt":"2018-09-19T12:33:32","guid":{"rendered":"http:\/\/law-firm.bold-themes.com\/master-import\/?page_id=1345"},"modified":"2022-08-02T11:24:44","modified_gmt":"2022-08-02T09:24:44","slug":"abonnements","status":"publish","type":"page","link":"https:\/\/www.souverainisme.fr\/?page_id=1345","title":{"rendered":"Abonnements"},"content":{"rendered":"<section id=\"bt_bb_section69e19a922abf5\" class=\"bt_bb_section bt_bb_color_scheme_1 bt_bb_layout_boxed_1200 bt_bb_vertical_align_top bt_bb_top_spacing_large bt_bb_bottom_spacing_large\" style=\"; --section-primary-color:#ffffff; --section-secondary-color:#191919;\" data-bt-override-class=\"null\"><div class=\"bt_bb_background_image_holder_wrapper\"><div class=\"bt_bb_background_image_holder bt_bb_parallax\"  data-parallax=\"0.4\" data-parallax-offset=\"0\" data-parallax-zoom-start=\"1\" data-parallax-zoom-end=\"1\" data-parallax-blur-start=\"0\" data-parallax-blur-end=\"0\" data-parallax-opacity-start=\"1\" data-parallax-opacity-end=\"1\" style=\" background-image:url(&#039;https:\/\/www.souverainisme.fr\/wp-content\/uploads\/2021\/04\/adt.jpg&#039;);\"><\/div><\/div><div class=\"bt_bb_port\"><div class=\"bt_bb_cell\"><div class=\"bt_bb_cell_inner\"><div  class=\"bt_bb_row\" ><div  class=\"bt_bb_column col-xxl-12 col-xl-12 bt_bb_vertical_align_top bt_bb_align_center bt_bb_padding_normal bt_bb_animation_fade_in animate bt_bb_shape_inherit\"  data-width=\"12\" data-bt-override-class=\"{}\"><div class=\"bt_bb_column_content\"><div class=\"bt_bb_column_content_inner\"><div class=\"bt_bb_separator bt_bb_top_spacing_large bt_bb_border_style_none\"><\/div><header class=\"bt_bb_headline bt_bb_dash_top bt_bb_superheadline bt_bb_size_huge bt_bb_align_left\" style=\";color:#ffffff;border-color:#ffffff;\" data-bt-override-class=\"{&quot;bt_bb_size_&quot;:{&quot;current_class&quot;:&quot;bt_bb_size_huge&quot;,&quot;xxl&quot;:&quot;huge&quot;,&quot;xl&quot;:&quot;huge&quot;},&quot;bt_bb_align_&quot;:{&quot;current_class&quot;:&quot;bt_bb_align_left&quot;,&quot;xxl&quot;:&quot;left&quot;,&quot;xl&quot;:&quot;left&quot;}}\"><h1 class=\"bt_bb_headline_tag\"><span class=\"bt_bb_headline_superheadline\">DEFIS SOUVERAINISTES<\/span><span class=\"bt_bb_headline_content\"><span>S'abonner<\/span><\/span><\/h1><\/header><div class=\"bt_bb_separator bt_bb_bottom_spacing_medium bt_bb_border_style_none\"><\/div><\/div><\/div><\/div><\/div><\/div><!-- cell_inner --><\/div><!-- cell --><\/div><!-- port --><\/section><section id=\"bt_bb_section69e19a922adca\" class=\"bt_bb_section bt_bb_layout_boxed_1200 bt_bb_vertical_align_top bt_bb_top_spacing_medium bt_bb_bottom_spacing_large\"  data-bt-override-class=\"null\"><div class=\"bt_bb_port\"><div class=\"bt_bb_cell\"><div class=\"bt_bb_cell_inner\"><div  class=\"bt_bb_row\" ><div  class=\"bt_bb_column col-xxl-12 col-xl-12 col-xs-12 col-sm-12 col-md-12 col-lg-12 bt_bb_vertical_align_top bt_bb_align_left bt_bb_padding_normal bt_bb_shape_inherit\"  data-width=\"12\" data-bt-override-class=\"{}\"><div class=\"bt_bb_column_content\"><div class=\"bt_bb_column_content_inner\"><\/div><\/div><\/div><\/div><div  class=\"bt_bb_row\" ><div  class=\"bt_bb_column col-xxl-8 col-xl-8 bt_bb_vertical_align_middle bt_bb_align_left bt_bb_padding_20 bt_bb_animation_fade_in animate bt_bb_shape_inherit\"  data-width=\"8\" data-bt-override-class=\"{}\"><div class=\"bt_bb_column_content\"><div class=\"bt_bb_column_content_inner\"><header class=\"bt_bb_headline bt_bb_color_scheme_15 bt_bb_dash_none bt_bb_superheadline bt_bb_size_large bt_bb_align_inherit\" style=\"; --primary-color:#1d2645; --secondary-color:#c61728;\" data-bt-override-class=\"{&quot;bt_bb_size_&quot;:{&quot;current_class&quot;:&quot;bt_bb_size_large&quot;,&quot;xxl&quot;:&quot;large&quot;,&quot;xl&quot;:&quot;large&quot;},&quot;bt_bb_align_&quot;:{&quot;current_class&quot;:&quot;bt_bb_align_inherit&quot;,&quot;xxl&quot;:&quot;inherit&quot;,&quot;xl&quot;:&quot;inherit&quot;}}\"><h3 class=\"bt_bb_headline_tag\"><span class=\"bt_bb_headline_superheadline\">FORMULES D'ABONNEMENT :<\/span><span class=\"bt_bb_headline_content\"><span>Abonnement gratuit<\/span><\/span><\/h3><\/header><div class=\"bt_bb_separator bt_bb_bottom_spacing_small bt_bb_border_style_none\"><\/div><div  class=\"bt_bb_text\" ><p>Plusieurs formules d&rsquo;abonnement vous sont propos\u00e9es :<\/p>\n<ul>\n<li style=\"text-align: justify;\">abonnement <strong>gratuit<\/strong> : vous recevez notre infolettre mensuelle, vous tenant notamment inform\u00e9 des nouvelles publications de contenus, et acc\u00e9dez \u00e0 l&rsquo;ensemble des contenus gratuits du site.<\/li>\n<li style=\"text-align: justify;\">abonnement \u00ab\u00a0<strong>membre<\/strong>\u00a0\u00bb : vous recevez notre infolettre mensuelle, vous tenant notamment inform\u00e9 des nouvelles publications de contenus, et acc\u00e9dez \u00e0 l&rsquo;ensemble des contenus du site, dont ceux r\u00e9serv\u00e9s aux membres, et recevez notre revue \u00ab\u00a0D\u00e9fis souverainistes\u00a0\u00bb au format pdf.<\/li>\n<li style=\"text-align: justify;\">abonnement \u00ab\u00a0<strong>club<\/strong>\u00a0\u00bb : vous recevez notre infolettre mensuelle, nos alertes vous tenant notamment inform\u00e9 des nouvelles publications de contenus, acc\u00e9dez \u00e0 l&rsquo;ensemble des contenus du site, recevez notre revue \u00ab\u00a0D\u00e9fis souverainistes\u00a0\u00bb au format papier, et b\u00e9n\u00e9ficiez d&rsquo;un acc\u00e8s libre \u00e0 nos colloques et s\u00e9minaires.<\/li>\n<\/ul>\n<\/div><div class=\"bt_bb_separator bt_bb_bottom_spacing_medium bt_bb_border_style_none\"><\/div><\/div><\/div><\/div><div  class=\"bt_bb_column col-xxl-4 col-xl-4 bt_bb_vertical_align_top bt_bb_align_left bt_bb_padding_normal bt_bb_animation_fade_in animate bt_bb_shape_inherit\"  data-width=\"4\" data-bt-override-class=\"{}\"><div class=\"bt_bb_column_content\"><div class=\"bt_bb_column_content_inner\"><div class=\"bt_bb_separator bt_bb_top_spacing_normal bt_bb_bottom_spacing_small bt_bb_border_style_none\"><\/div><div class=\"bt_bb_contact_form_7\">\n<div class=\"wpcf7 no-js\" id=\"wpcf7-f3173-o1\" lang=\"en-US\" dir=\"ltr\">\n<div class=\"screen-reader-response\"><p role=\"status\" aria-live=\"polite\" aria-atomic=\"true\"><\/p> <ul><\/ul><\/div>\n<form action=\"\/index.php?rest_route=%2Fwp%2Fv2%2Fpages%2F1345#wpcf7-f3173-o1\" method=\"post\" class=\"wpcf7-form init\" aria-label=\"Contact form\" novalidate=\"novalidate\" data-status=\"init\">\n<div style=\"display: none;\">\n<input type=\"hidden\" name=\"_wpcf7\" value=\"3173\" \/>\n<input type=\"hidden\" name=\"_wpcf7_version\" value=\"5.7.5.1\" \/>\n<input type=\"hidden\" name=\"_wpcf7_locale\" value=\"en_US\" \/>\n<input type=\"hidden\" name=\"_wpcf7_unit_tag\" value=\"wpcf7-f3173-o1\" \/>\n<input type=\"hidden\" name=\"_wpcf7_container_post\" value=\"0\" \/>\n<input type=\"hidden\" name=\"_wpcf7_posted_data_hash\" value=\"\" \/>\n<\/div>\n<div class=\"btSignUp\">\n\t<h5>ABONNEMENT GRATUIT :\n\t<\/h5>\n\t<div class=\"btSignUpInput\">\n\t\t<p><span class=\"wpcf7-form-control-wrap\" data-name=\"first-name\"><input size=\"40\" class=\"wpcf7-form-control wpcf7-text wpcf7-validates-as-required\" aria-required=\"true\" aria-invalid=\"false\" placeholder=\"Pr\u00e9nom\" value=\"\" type=\"text\" name=\"first-name\" \/><\/span>\n\t\t<\/p>\n\t<\/div>\n\t<div class=\"btSignUpInput\">\n\t\t<p><span class=\"wpcf7-form-control-wrap\" data-name=\"last-name\"><input size=\"40\" class=\"wpcf7-form-control wpcf7-text wpcf7-validates-as-required\" aria-required=\"true\" aria-invalid=\"false\" placeholder=\"Nom\" value=\"\" type=\"text\" name=\"last-name\" \/><\/span>\n\t\t<\/p>\n\t<\/div>\n\t<div class=\"btSignUpInput\">\n\t\t<p><span class=\"wpcf7-form-control-wrap\" data-name=\"your-email\"><input size=\"40\" class=\"wpcf7-form-control wpcf7-text wpcf7-email wpcf7-validates-as-required wpcf7-validates-as-email\" aria-required=\"true\" aria-invalid=\"false\" placeholder=\"Courriel\" value=\"\" type=\"email\" name=\"your-email\" \/><\/span>\n\t\t<\/p>\n\t<\/div>\n\t<div class=\"btSignUpPhone\">\n\t\t<p><span class=\"wpcf7-form-control-wrap\" data-name=\"phone\"><input size=\"40\" class=\"wpcf7-form-control wpcf7-text wpcf7-tel wpcf7-validates-as-required wpcf7-validates-as-tel\" aria-required=\"true\" aria-invalid=\"false\" placeholder=\"T\u00e9l\u00e9phone\" value=\"\" type=\"tel\" name=\"phone\" \/><\/span>\n\t\t<\/p>\n\t<\/div>\n\t<div class=\"btSignUpZip\">\n\t\t<p><span class=\"wpcf7-form-control-wrap\" data-name=\"zip-code\"><input size=\"40\" class=\"wpcf7-form-control wpcf7-text wpcf7-validates-as-required\" aria-required=\"true\" aria-invalid=\"false\" placeholder=\"Code postal\" value=\"\" type=\"text\" name=\"zip-code\" \/><\/span>\n\t\t<\/p>\n\t<\/div>\n\t<div class=\"btSignUpButton\">\n\t\t<p><input class=\"wpcf7-form-control has-spinner wpcf7-submit\" type=\"submit\" value=\"S&#039;abonner\" \/>\n\t\t<\/p>\n\t<\/div>\n<\/div><p style=\"display: none !important;\"><label>&#916;<textarea name=\"_wpcf7_ak_hp_textarea\" cols=\"45\" rows=\"8\" maxlength=\"100\"><\/textarea><\/label><input type=\"hidden\" id=\"ak_js_1\" name=\"_wpcf7_ak_js\" value=\"66\"\/><script>document.getElementById( \"ak_js_1\" ).setAttribute( \"value\", ( new Date() ).getTime() );<\/script><\/p><input type='hidden' class='wpcf7-pum' value='{\"closepopup\":false,\"closedelay\":0,\"openpopup\":false,\"openpopup_id\":0}' \/><div class=\"wpcf7-response-output\" aria-hidden=\"true\"><\/div>\n<\/form>\n<\/div>\n<\/div><\/div><\/div><\/div><\/div><div  class=\"bt_bb_row\" ><div  class=\"bt_bb_column col-xxl-12 col-xl-12 col-xs-12 col-sm-12 col-md-12 col-lg-12 bt_bb_vertical_align_top bt_bb_align_left bt_bb_padding_normal bt_bb_shape_inherit\"  data-width=\"12\" data-bt-override-class=\"{}\"><div class=\"bt_bb_column_content\"><div class=\"bt_bb_column_content_inner\"><div class=\"bt_bb_separator bt_bb_border_style_none\"><\/div><\/div><\/div><\/div><\/div><div  class=\"bt_bb_row\" ><div  class=\"bt_bb_column col-xxl-4 col-xl-4 bt_bb_vertical_align_top bt_bb_align_center bt_bb_padding_normal bt_bb_animation_fade_in animate\"  data-width=\"4\" data-bt-override-class=\"{}\"><div class=\"bt_bb_column_content\"><div class=\"bt_bb_column_content_inner\"><div class=\"bt_bb_price_list bt_bb_color_scheme_6\" style=\"; --primary-color:#ffffff; --secondary-color:#c61728;\"><div class=\"bt_bb_price_list_title\">Abonn\u00e9<\/div><div class=\"bt_bb_price_list_subtitle\">Restez inform\u00e9 de l'actualit\u00e9 de ``D\u00e9fis souverainistes``.<\/div><div class=\"bt_bb_price_list_price\"><span class=\"bt_bb_price_list_currency\"><\/span><span class=\"bt_bb_price_list_amount\">0\u20ac\/mois<\/span><\/div><ul><li>infolettre mensuelle<\/li><li>contenus gratuits du site<\/li><li>\u2014<\/li><li>\u2014<\/li><\/ul><\/div><\/div><\/div><\/div><div  class=\"bt_bb_column col-xxl-4 col-xl-4 bt_bb_vertical_align_top bt_bb_align_center bt_bb_padding_normal bt_bb_animation_fade_in animate\"  data-width=\"4\" data-bt-override-class=\"{}\"><div class=\"bt_bb_column_content\" style=\"background-color:rgba(255, 255, 255, 1);\"><div class=\"bt_bb_column_content_inner\"><div class=\"bt_bb_price_list bt_bb_color_scheme_6\" style=\"; --primary-color:#ffffff; --secondary-color:#c61728;\"><div class=\"bt_bb_price_list_title\">Membre<\/div><div class=\"bt_bb_price_list_subtitle\">Acc\u00e9dez \u00e0 l'ensemble des contenus de ``D\u00e9fis souverainistes``.<\/div><div class=\"bt_bb_price_list_price\"><span class=\"bt_bb_price_list_currency\"><\/span><span class=\"bt_bb_price_list_amount\">4\u20ac\/mois<\/span><\/div><ul><li>infolettre mensuelle<\/li><li>tous les contenus du site<\/li><li>revue au format pdf<\/li><li>\u2014<\/li><\/ul><\/div><\/div><\/div><\/div><div  class=\"bt_bb_column col-xxl-4 col-xl-4 bt_bb_vertical_align_top bt_bb_align_center bt_bb_padding_normal bt_bb_animation_fade_in animate\"  data-width=\"4\" data-bt-override-class=\"{}\"><div class=\"bt_bb_column_content\"><div class=\"bt_bb_column_content_inner\"><div class=\"bt_bb_price_list bt_bb_color_scheme_6\" style=\"; --primary-color:#ffffff; --secondary-color:#c61728;\"><div class=\"bt_bb_price_list_title\">Club<\/div><div class=\"bt_bb_price_list_subtitle\">Participez pleinement \u00e0 toutes les activit\u00e9s de ``D\u00e9fis souverainistes``.<\/div><div class=\"bt_bb_price_list_price\"><span class=\"bt_bb_price_list_currency\"><\/span><span class=\"bt_bb_price_list_amount\">9\u20ac\/mois<\/span><\/div><ul><li>infolettre mensuelle et alertes<\/li><li>tous les contenus du site<\/li><li>revue au format papier<\/li><li>libre acc\u00e8s aux colloques<\/li><\/ul><\/div><\/div><\/div><\/div><\/div><div  class=\"bt_bb_row\" ><div  class=\"bt_bb_column col-xxl-12 col-xl-12 col-xs-12 col-sm-12 col-md-12 col-lg-12 bt_bb_vertical_align_top bt_bb_align_left bt_bb_padding_normal bt_bb_shape_inherit\"  data-width=\"12\" data-bt-override-class=\"{}\"><div class=\"bt_bb_column_content\"><div class=\"bt_bb_column_content_inner\"><div class=\"bt_bb_separator bt_bb_border_style_none\"><\/div><\/div><\/div><\/div><\/div><\/div><!-- cell_inner --><\/div><!-- cell --><\/div><!-- port --><\/section><section id=\"bt_bb_section69e19a922dff2\" class=\"bt_bb_section bt_bb_layout_boxed_1200\"  data-bt-override-class=\"null\"><div class=\"bt_bb_port\"><div class=\"bt_bb_cell\"><div class=\"bt_bb_cell_inner\"><div  class=\"bt_bb_row\" ><div  class=\"bt_bb_column col-xxl-12 col-xl-12 col-xs-12 col-sm-12 col-md-12 col-lg-12 bt_bb_vertical_align_top bt_bb_align_left bt_bb_padding_normal bt_bb_shape_inherit\"  data-width=\"12\" data-bt-override-class=\"{}\"><div class=\"bt_bb_column_content\"><div class=\"bt_bb_column_content_inner\"><\/div><\/div><\/div><\/div><\/div><!-- cell_inner --><\/div><!-- cell --><\/div><!-- port --><\/section><section id=\"bt_bb_section69e19a922e087\" class=\"bt_bb_section bt_bb_layout_boxed_900 bt_bb_vertical_align_top bt_bb_top_spacing_normal bt_bb_bottom_spacing_small\" style=\";background-color:rgb(234,234,234);\" data-bt-override-class=\"null\"><div class=\"bt_bb_port\"><div class=\"bt_bb_cell\"><div class=\"bt_bb_cell_inner\"><div  class=\"bt_bb_row\" ><div  class=\"bt_bb_column col-xxl-12 col-xl-12 bt_bb_vertical_align_top bt_bb_align_left bt_bb_padding_60 bt_bb_animation_fade_in animate bt_bb_shape_inherit\"  data-width=\"12\" data-bt-override-class=\"{}\"><div class=\"bt_bb_column_content\"><div class=\"bt_bb_column_content_inner\"><div  class=\"bt_bb_text\" ><p><strong><span style=\"color: #c61728;\">\u2666 POUR TOUT ABONNEMENT, VEILLEZ A IMPERATIVEMENT COCHER LA CASE \u00ab\u00a0J&rsquo;autorise ce site web \u00e0 recueillir et\u00a0 \u00e0 conserver les donn\u00e9es&#8230;\u00a0\u00bb.<\/span><\/strong><\/p>\n<\/div><\/div><\/div><\/div><\/div><\/div><!-- cell_inner --><\/div><!-- cell --><\/div><!-- port --><\/section><section id=\"bt_bb_section69e19a922e1c0\" class=\"bt_bb_section bt_bb_layout_boxed_900 bt_bb_vertical_align_top bt_bb_top_spacing_normal bt_bb_bottom_spacing_small\" style=\";background-color:rgb(234,234,234);\" data-bt-override-class=\"null\"><div class=\"bt_bb_port\"><div class=\"bt_bb_cell\"><div class=\"bt_bb_cell_inner\"><div  class=\"bt_bb_row\" ><div  class=\"bt_bb_column col-xxl-12 col-xl-12 bt_bb_vertical_align_top bt_bb_align_left bt_bb_padding_60 bt_bb_animation_fade_in animate bt_bb_shape_inherit\"  data-width=\"12\" data-bt-override-class=\"{}\"><div class=\"bt_bb_column_content\"><div class=\"bt_bb_column_content_inner\"><div  class=\"bt_bb_text\" >\n<form id=\"pms_register-form\" class=\"pms-form\" method=\"POST\">\n\n    \n    <input type=\"hidden\" id=\"pmstkn\" name=\"pmstkn\" value=\"5a31497f97\" \/><input type=\"hidden\" name=\"_wp_http_referer\" value=\"\/index.php?rest_route=%2Fwp%2Fv2%2Fpages%2F1345\" \/>\n    <ul class=\"pms-form-fields-wrapper\">\n\n        \n\n        \n        \n                <li class=\"pms-field pms-user-login-field \">\n            <label for=\"pms_user_login\">Username *<\/label>\n            <input id=\"pms_user_login\" name=\"user_login\" type=\"text\" value=\"\" \/>\n\n                    <\/li>\n\n                <li class=\"pms-field pms-user-email-field \">\n            <label for=\"pms_user_email\">E-mail *<\/label>\n            <input id=\"pms_user_email\" name=\"user_email\" type=\"text\" value=\"\" \/>\n\n                    <\/li>\n\n                <li class=\"pms-field pms-first-name-field \">\n            <label for=\"pms_first_name\">First Name<\/label>\n            <input id=\"pms_first_name\" name=\"first_name\" type=\"text\" value=\"\" \/>\n\n                    <\/li>\n\n                <li class=\"pms-field pms-last-name-field \">\n            <label for=\"pms_last_name\">Last Name<\/label>\n            <input id=\"pms_last_name\" name=\"last_name\" type=\"text\" value=\"\" \/>\n\n                    <\/li>\n\n                <li class=\"pms-field pms-pass1-field \">\n            <label for=\"pms_pass1\">Password *<\/label>\n            <input id=\"pms_pass1\" name=\"pass1\" type=\"password\" \/>\n\n                    <\/li>\n\n                <li class=\"pms-field pms-pass2-field \">\n            <label for=\"pms_pass2\">Repeat Password *<\/label>\n            <input id=\"pms_pass2\" name=\"pass2\" type=\"password\" \/>\n\n                    <\/li>\n\n                        <li class=\"pms-field pms-gdpr-field \">\n                    <label for=\"pms_user_consent\">\n                        <input id=\"pms_user_consent\" name=\"user_consent\" type=\"checkbox\" value=\"1\">\n                        J'autorise ce site web \u00e0 recueillir et \u00e0 conserver les donn\u00e9es que je lui fournis en remplissant ce formulaire.                    <\/label>\n\n                                    <\/li>\n                \n        \n        \n        <li class=\"pms-field pms-field-subscriptions \"><div class=\"pms-subscription-plan pms-subscription-plan-3632\"><label><input type=\"radio\" name=\"subscription_plans\" data-price=\"108\" data-duration=\"1\" data-fixed_membership=\"\" data-allow_renew=\"\" data-sign_up_fee=\"0\" data-trial=\"0\" data-recurring=\"0\"  value=\"3632\"  checked='checked'data-default-selected=\"true\" \/><span class=\"pms-subscription-plan-name\">Abonnement &quot;Club&quot;<\/span><span class=\"pms-subscription-plan-price\"><span class=\"pms-divider\"> - <\/span><span class=\"pms-subscription-plan-price-value\">108<\/span> <span class=\"pms-subscription-plan-currency\">&#8364;<\/span><span class=\"pms-divider\"> \/ <\/span>1 Year<\/span><span class=\"pms-subscription-plan-trial\"><\/span><span class=\"pms-subscription-plan-sign-up-fee\"><\/span><\/label><div class=\"pms-subscription-plan-description\">Vous recevez notre infolettre mensuelle, nos alertes vous tenant notamment inform\u00e9 des nouvelles publications de contenus, acc\u00e9dez \u00e0 l\u2019ensemble des contenus du site, recevez notre revue \u00ab D\u00e9fis souverainistes \u00bb au format papier, et b\u00e9n\u00e9ficiez d\u2019un acc\u00e8s libre \u00e0 nos colloques et s\u00e9minaires.<\/div><\/div><div class=\"pms-subscription-plan pms-subscription-plan-3631\"><label><input type=\"radio\" name=\"subscription_plans\" data-price=\"48\" data-duration=\"1\" data-fixed_membership=\"\" data-allow_renew=\"\" data-sign_up_fee=\"0\" data-trial=\"0\" data-recurring=\"0\"  value=\"3631\" data-default-checked=\"false\" \/><span class=\"pms-subscription-plan-name\">Abonnement &quot;Membre&quot;<\/span><span class=\"pms-subscription-plan-price\"><span class=\"pms-divider\"> - <\/span><span class=\"pms-subscription-plan-price-value\">48<\/span> <span class=\"pms-subscription-plan-currency\">&#8364;<\/span><span class=\"pms-divider\"> \/ <\/span>1 Year<\/span><span class=\"pms-subscription-plan-trial\"><\/span><span class=\"pms-subscription-plan-sign-up-fee\"><\/span><\/label><div class=\"pms-subscription-plan-description\">Vous recevez notre infolettre mensuelle, vous tenant notamment inform\u00e9 des nouvelles publications de contenus, et acc\u00e9dez \u00e0 l\u2019ensemble des contenus du site, dont ceux r\u00e9serv\u00e9s aux membres, et recevez notre revue \u00ab D\u00e9fis souverainistes \u00bb au format pdf.<\/div><\/div><div class=\"pms-subscription-plan pms-subscription-plan-3630\"><label><input type=\"radio\" name=\"subscription_plans\" data-price=\"0\" data-duration=\"0\" data-fixed_membership=\"\" data-allow_renew=\"\" data-sign_up_fee=\"0\" data-trial=\"0\" data-recurring=\"0\"  value=\"3630\" data-default-checked=\"false\" \/><span class=\"pms-subscription-plan-name\">Abonnement gratuit<\/span><span class=\"pms-subscription-plan-price\"><span class=\"pms-divider\"> - <\/span><span class=\"pms-subscription-plan-price-value\">Free<\/span><\/span><span class=\"pms-subscription-plan-trial\"><\/span><span class=\"pms-subscription-plan-sign-up-fee\"><\/span><\/label><div class=\"pms-subscription-plan-description\">Vous recevez notre infolettre mensuelle, vous tenant notamment inform\u00e9 des nouvelles publications de contenus, et acc\u00e9dez \u00e0 l\u2019ensemble des contenus gratuits du site.<\/div><\/div><div class=\"pms-subscription-plan-auto-renew\"><label><input name=\"pms_recurring\" type=\"checkbox\" value=\"1\"  \/>Automatically renew subscription<\/label><\/div><input type=\"hidden\" name=\"pms_default_recurring\" value=\"1\" \/><div id=\"pms-paygates-wrapper\"><input type=\"hidden\" class=\"pms_pay_gate\" name=\"pay_gate\" value=\"stripe_intents\" data-sign_up_fee=\"1\" data-trial=\"1\" data-recurring=\"1\"  data-type=\"credit_card\" \/><\/div><input type=\"hidden\" id=\"pms-stripe-ajax-payment-intent-nonce\" name=\"stripe_ajax_payment_intent_nonce\" value=\"3db9d02ad6\"\/><input type=\"hidden\" id=\"stripe-pk\" value=\"pk_live_51LSHd6C5vk0Vj829yOHcDJxAmhWZXYLmZANQ1XSyM2zH1bxdbnTh9arcuxwQ52ow8sTUdvoPNhAzf4lBpgFlR99q00gjoc2VhO\" \/><div id=\"pms-subscription-plans-discount\"><label for=\"pms_subscription_plans_discount\">Discount Code: <\/label><input id=\"pms_subscription_plans_discount_code\" name=\"discount_code\" placeholder=\"Enter discount\" type=\"text\" value=\"\" \/><input id=\"pms-apply-discount\" class=\"pms-submit button\" type=\"submit\" value=\"Apply\"><\/span><\/div><div id=\"pms-subscription-plans-discount-messages-wrapper\"><div id=\"pms-subscription-plans-discount-messages\" ><\/div><div id=\"pms-subscription-plans-discount-messages-loading\">Applying discount code. Please wait...<\/div><\/div><\/li>\n    <\/ul>\n\n    <span id=\"pms-submit-button-loading-placeholder-text\" style=\"display: none;\">Processing. Please wait...<\/span><ul id=\"pms-credit-card-information\" class=\"pms-field-section pms-credit-card-information pms-section-credit-card-information\"><li class=\"pms-field pms-field-type-heading \"><h4>Credit \/ Debit Card Information<\/h4><\/li><div id=\"pms-stripe-credit-card-details\"><\/div><\/ul>\n    <input class=\"pms-form-submit\" name=\"pms_register\" type=\"submit\" value=\"Register\" \/>\n\n<\/form>\n<\/div><\/div><\/div><\/div><\/div><\/div><!-- cell_inner --><\/div><!-- cell --><\/div><!-- port --><\/section><section id=\"bt_bb_section69e19a922f49c\" class=\"bt_bb_section bt_bb_layout_boxed_1200\"  data-bt-override-class=\"null\"><div class=\"bt_bb_port\"><div class=\"bt_bb_cell\"><div class=\"bt_bb_cell_inner\"><div  class=\"bt_bb_row\" ><div  class=\"bt_bb_column col-xxl-12 col-xl-12 col-xs-12 col-sm-12 col-md-12 col-lg-12 bt_bb_vertical_align_top bt_bb_align_left bt_bb_padding_normal bt_bb_shape_inherit\"  data-width=\"12\" data-bt-override-class=\"{}\"><div class=\"bt_bb_column_content\"><div class=\"bt_bb_column_content_inner\"><div class=\"bt_bb_separator bt_bb_top_spacing_small bt_bb_bottom_spacing_small bt_bb_border_style_none\"><\/div><\/div><\/div><\/div><\/div><\/div><!-- cell_inner --><\/div><!-- cell --><\/div><!-- port --><\/section><section id=\"bt_bb_section69e19a922f575\" class=\"bt_bb_section bt_bb_layout_boxed_1200\"  data-bt-override-class=\"null\"><div class=\"bt_bb_port\"><div class=\"bt_bb_cell\"><div class=\"bt_bb_cell_inner\"><div  class=\"bt_bb_row\" ><div  class=\"bt_bb_column col-xxl-12 col-xl-12 col-xs-12 col-sm-12 col-md-12 col-lg-12 bt_bb_vertical_align_top bt_bb_align_left bt_bb_padding_normal bt_bb_shape_inherit\"  data-width=\"12\" data-bt-override-class=\"{}\"><div class=\"bt_bb_column_content\"><div class=\"bt_bb_column_content_inner\"><\/div><\/div><\/div><\/div><div  class=\"bt_bb_row\" ><div  class=\"bt_bb_column col-xxl-12 col-xl-12 col-xs-12 col-sm-12 col-md-12 col-lg-12 bt_bb_vertical_align_top bt_bb_align_left bt_bb_padding_normal bt_bb_shape_inherit\"  data-width=\"12\" data-bt-override-class=\"{}\"><div class=\"bt_bb_column_content\"><div class=\"bt_bb_column_content_inner\"><\/div><\/div><\/div><\/div><div  class=\"bt_bb_row\" ><div  class=\"bt_bb_column col-xxl-12 col-xl-12 col-xs-12 col-sm-12 col-md-12 col-lg-12 bt_bb_vertical_align_top bt_bb_align_left bt_bb_padding_normal bt_bb_shape_inherit\"  data-width=\"12\" data-bt-override-class=\"{}\"><div class=\"bt_bb_column_content\"><div class=\"bt_bb_column_content_inner\"><\/div><\/div><\/div><\/div><div  class=\"bt_bb_row\" ><div  class=\"bt_bb_column col-xxl-12 col-xl-12 col-xs-12 col-sm-12 col-md-12 col-lg-12 bt_bb_vertical_align_top bt_bb_align_left bt_bb_padding_normal bt_bb_shape_inherit\"  data-width=\"12\" data-bt-override-class=\"{}\"><div class=\"bt_bb_column_content\"><div class=\"bt_bb_column_content_inner\"><\/div><\/div><\/div><\/div><div  class=\"bt_bb_row\" ><div  class=\"bt_bb_column col-xxl-12 col-xl-12 col-xs-12 col-sm-12 col-md-12 col-lg-12 bt_bb_vertical_align_top bt_bb_align_left bt_bb_padding_normal bt_bb_shape_inherit\"  data-width=\"12\" data-bt-override-class=\"{}\"><div class=\"bt_bb_column_content\"><div class=\"bt_bb_column_content_inner\"><\/div><\/div><\/div><\/div><div  class=\"bt_bb_row\" ><div  class=\"bt_bb_column col-xxl-12 col-xl-12 col-xs-12 col-sm-12 col-md-12 col-lg-12 bt_bb_vertical_align_top bt_bb_align_left bt_bb_padding_normal bt_bb_shape_inherit\"  data-width=\"12\" data-bt-override-class=\"{}\"><div class=\"bt_bb_column_content\"><div class=\"bt_bb_column_content_inner\"><\/div><\/div><\/div><\/div><\/div><!-- cell_inner --><\/div><!-- cell --><\/div><!-- port --><\/section>","protected":false},"excerpt":{"rendered":"","protected":false},"author":3,"featured_media":0,"parent":1348,"menu_order":0,"comment_status":"closed","ping_status":"closed","template":"","meta":[],"_links":{"self":[{"href":"https:\/\/www.souverainisme.fr\/index.php?rest_route=\/wp\/v2\/pages\/1345"}],"collection":[{"href":"https:\/\/www.souverainisme.fr\/index.php?rest_route=\/wp\/v2\/pages"}],"about":[{"href":"https:\/\/www.souverainisme.fr\/index.php?rest_route=\/wp\/v2\/types\/page"}],"author":[{"embeddable":true,"href":"https:\/\/www.souverainisme.fr\/index.php?rest_route=\/wp\/v2\/users\/3"}],"replies":[{"embeddable":true,"href":"https:\/\/www.souverainisme.fr\/index.php?rest_route=%2Fwp%2Fv2%2Fcomments&post=1345"}],"version-history":[{"count":66,"href":"https:\/\/www.souverainisme.fr\/index.php?rest_route=\/wp\/v2\/pages\/1345\/revisions"}],"predecessor-version":[{"id":4196,"href":"https:\/\/www.souverainisme.fr\/index.php?rest_route=\/wp\/v2\/pages\/1345\/revisions\/4196"}],"up":[{"embeddable":true,"href":"https:\/\/www.souverainisme.fr\/index.php?rest_route=\/wp\/v2\/pages\/1348"}],"wp:attachment":[{"href":"https:\/\/www.souverainisme.fr\/index.php?rest_route=%2Fwp%2Fv2%2Fmedia&parent=1345"}],"curies":[{"name":"wp","href":"https:\/\/api.w.org\/{rel}","templated":true}]}}